{"id":146030,"date":"2022-08-11T17:05:14","date_gmt":"2022-08-11T17:05:14","guid":{"rendered":"https:\/\/natixis.p.hom.aws.gbpce.net\/nos-engagements\/sponsorship\/"},"modified":"2024-12-18T14:26:07","modified_gmt":"2024-12-18T14:26:07","slug":"mecenat-et-sponsoring","status":"publish","type":"page","link":"https:\/\/natixis.groupebpce.com\/fr\/nos-engagements\/mecenat-et-sponsoring\/","title":{"rendered":"M\u00e9c\u00e9nat et sponsoring"},"content":{"rendered":"","protected":false},"excerpt":{"rendered":"","protected":false},"author":1,"featured_media":0,"parent":145988,"menu_order":2,"comment_status":"closed","ping_status":"closed","template":"page-templates\/template_fullwidth.php","meta":{"_acf_changed":false,"footnotes":""},"tags":[],"class_list":["post-146030","page","type-page","status-publish","hentry"],"acf":[],"yoast_head":"<!-- This site is optimized with the Yoast SEO plugin v26.9 - https:\/\/yoast.com\/product\/yoast-seo-wordpress\/ -->\n<title>M\u00e9c\u00e9nat et sponsoring - Common website of Natixis CIB and Natixis IM business lines<\/title>\n<meta name=\"description\" content=\"Natixis, m\u00e9c\u00e8ne engag\u00e9, accompagne depuis 2004 des institutions et associations dans la r\u00e9alisation de projets culturels et solidaires.\" \/>\n<meta name=\"robots\" content=\"index, follow, max-snippet:-1, max-image-preview:large, max-video-preview:-1\" \/>\n<meta property=\"og:locale\" content=\"fr_FR\" \/>\n<meta property=\"og:type\" content=\"article\" \/>\n<meta property=\"og:title\" content=\"M\u00e9c\u00e9nat et sponsoring - Common website of Natixis CIB and Natixis IM business lines\" \/>\n<meta property=\"og:description\" content=\"Natixis, m\u00e9c\u00e8ne engag\u00e9, accompagne depuis 2004 des institutions et associations dans la r\u00e9alisation de projets culturels et solidaires.\" \/>\n<meta property=\"og:url\" content=\"https:\/\/natixis.p.prd.aws.gbpce.net\/fr\/nos-engagements\/mecenat-et-sponsoring\/\" \/>\n<meta property=\"og:site_name\" content=\"Common website of Natixis CIB and Natixis IM business lines\" \/>\n<meta property=\"article:modified_time\" content=\"2024-12-18T14:26:07+00:00\" \/>\n<meta name=\"twitter:card\" content=\"summary_large_image\" \/>\n<script type=\"application\/ld+json\" class=\"yoast-schema-graph\">{\"@context\":\"https:\/\/schema.org\",\"@graph\":[{\"@type\":\"WebPage\",\"@id\":\"https:\/\/natixis.p.prd.aws.gbpce.net\/fr\/nos-engagements\/mecenat-et-sponsoring\/\",\"url\":\"https:\/\/natixis.p.prd.aws.gbpce.net\/fr\/nos-engagements\/mecenat-et-sponsoring\/\",\"name\":\"M\u00e9c\u00e9nat et sponsoring - Common website of Natixis CIB and Natixis IM business lines\",\"isPartOf\":{\"@id\":\"https:\/\/natixis.p.prd.aws.gbpce.net\/#website\"},\"datePublished\":\"2022-08-11T17:05:14+00:00\",\"dateModified\":\"2024-12-18T14:26:07+00:00\",\"description\":\"Natixis, m\u00e9c\u00e8ne engag\u00e9, accompagne depuis 2004 des institutions et associations dans la r\u00e9alisation de projets culturels et solidaires.\",\"breadcrumb\":{\"@id\":\"https:\/\/natixis.p.prd.aws.gbpce.net\/fr\/nos-engagements\/mecenat-et-sponsoring\/#breadcrumb\"},\"inLanguage\":\"fr-FR\",\"potentialAction\":[{\"@type\":\"ReadAction\",\"target\":[\"https:\/\/natixis.p.prd.aws.gbpce.net\/fr\/nos-engagements\/mecenat-et-sponsoring\/\"]}]},{\"@type\":\"BreadcrumbList\",\"@id\":\"https:\/\/natixis.p.prd.aws.gbpce.net\/fr\/nos-engagements\/mecenat-et-sponsoring\/#breadcrumb\",\"itemListElement\":[{\"@type\":\"ListItem\",\"position\":1,\"name\":\"Home\",\"item\":\"https:\/\/natixis.p.prd.aws.gbpce.net\/fr\/\"},{\"@type\":\"ListItem\",\"position\":2,\"name\":\"Nos engagements\",\"item\":\"https:\/\/natixis.groupebpce.com\/fr\/nos-engagements\/\"},{\"@type\":\"ListItem\",\"position\":3,\"name\":\"M\u00e9c\u00e9nat et sponsoring\"}]},{\"@type\":\"WebSite\",\"@id\":\"https:\/\/natixis.p.prd.aws.gbpce.net\/#website\",\"url\":\"https:\/\/natixis.p.prd.aws.gbpce.net\/\",\"name\":\"Common website of Natixis CIB and Natixis IM business lines\",\"description\":\"You are on the Natixis CIB and Natixis IM common website\",\"publisher\":{\"@id\":\"https:\/\/natixis.p.prd.aws.gbpce.net\/#organization\"},\"potentialAction\":[{\"@type\":\"SearchAction\",\"target\":{\"@type\":\"EntryPoint\",\"urlTemplate\":\"https:\/\/natixis.p.prd.aws.gbpce.net\/?s={search_term_string}\"},\"query-input\":{\"@type\":\"PropertyValueSpecification\",\"valueRequired\":true,\"valueName\":\"search_term_string\"}}],\"inLanguage\":\"fr-FR\"},{\"@type\":\"Organization\",\"@id\":\"https:\/\/natixis.p.prd.aws.gbpce.net\/#organization\",\"name\":\"Common website of Natixis CIB and Natixis IM business lines\",\"url\":\"https:\/\/natixis.p.prd.aws.gbpce.net\/\",\"logo\":{\"@type\":\"ImageObject\",\"inLanguage\":\"fr-FR\",\"@id\":\"https:\/\/natixis.p.prd.aws.gbpce.net\/#\/schema\/logo\/image\/\",\"url\":\"https:\/\/natixis.p.prd.aws.gbpce.net\/wp-content\/uploads\/2022\/08\/logobpce_2022-01-13_17-12-21_714.png\",\"contentUrl\":\"https:\/\/natixis.p.prd.aws.gbpce.net\/wp-content\/uploads\/2022\/08\/logobpce_2022-01-13_17-12-21_714.png\",\"width\":290,\"height\":80,\"caption\":\"Common website of Natixis CIB and Natixis IM business lines\"},\"image\":{\"@id\":\"https:\/\/natixis.p.prd.aws.gbpce.net\/#\/schema\/logo\/image\/\"}}]}<\/script>\n<!-- \/ Yoast SEO plugin. -->","yoast_head_json":{"title":"M\u00e9c\u00e9nat et sponsoring - Common website of Natixis CIB and Natixis IM business lines","description":"Natixis, m\u00e9c\u00e8ne engag\u00e9, accompagne depuis 2004 des institutions et associations dans la r\u00e9alisation de projets culturels et solidaires.","robots":{"index":"index","follow":"follow","max-snippet":"max-snippet:-1","max-image-preview":"max-image-preview:large","max-video-preview":"max-video-preview:-1"},"og_locale":"fr_FR","og_type":"article","og_title":"M\u00e9c\u00e9nat et sponsoring - Common website of Natixis CIB and Natixis IM business lines","og_description":"Natixis, m\u00e9c\u00e8ne engag\u00e9, accompagne depuis 2004 des institutions et associations dans la r\u00e9alisation de projets culturels et solidaires.","og_url":"https:\/\/natixis.p.prd.aws.gbpce.net\/fr\/nos-engagements\/mecenat-et-sponsoring\/","og_site_name":"Common website of Natixis CIB and Natixis IM business lines","article_modified_time":"2024-12-18T14:26:07+00:00","twitter_card":"summary_large_image","schema":{"@context":"https:\/\/schema.org","@graph":[{"@type":"WebPage","@id":"https:\/\/natixis.p.prd.aws.gbpce.net\/fr\/nos-engagements\/mecenat-et-sponsoring\/","url":"https:\/\/natixis.p.prd.aws.gbpce.net\/fr\/nos-engagements\/mecenat-et-sponsoring\/","name":"M\u00e9c\u00e9nat et sponsoring - Common website of Natixis CIB and Natixis IM business lines","isPartOf":{"@id":"https:\/\/natixis.p.prd.aws.gbpce.net\/#website"},"datePublished":"2022-08-11T17:05:14+00:00","dateModified":"2024-12-18T14:26:07+00:00","description":"Natixis, m\u00e9c\u00e8ne engag\u00e9, accompagne depuis 2004 des institutions et associations dans la r\u00e9alisation de projets culturels et solidaires.","breadcrumb":{"@id":"https:\/\/natixis.p.prd.aws.gbpce.net\/fr\/nos-engagements\/mecenat-et-sponsoring\/#breadcrumb"},"inLanguage":"fr-FR","potentialAction":[{"@type":"ReadAction","target":["https:\/\/natixis.p.prd.aws.gbpce.net\/fr\/nos-engagements\/mecenat-et-sponsoring\/"]}]},{"@type":"BreadcrumbList","@id":"https:\/\/natixis.p.prd.aws.gbpce.net\/fr\/nos-engagements\/mecenat-et-sponsoring\/#breadcrumb","itemListElement":[{"@type":"ListItem","position":1,"name":"Home","item":"https:\/\/natixis.p.prd.aws.gbpce.net\/fr\/"},{"@type":"ListItem","position":2,"name":"Nos engagements","item":"https:\/\/natixis.groupebpce.com\/fr\/nos-engagements\/"},{"@type":"ListItem","position":3,"name":"M\u00e9c\u00e9nat et sponsoring"}]},{"@type":"WebSite","@id":"https:\/\/natixis.p.prd.aws.gbpce.net\/#website","url":"https:\/\/natixis.p.prd.aws.gbpce.net\/","name":"Common website of Natixis CIB and Natixis IM business lines","description":"You are on the Natixis CIB and Natixis IM common website","publisher":{"@id":"https:\/\/natixis.p.prd.aws.gbpce.net\/#organization"},"potentialAction":[{"@type":"SearchAction","target":{"@type":"EntryPoint","urlTemplate":"https:\/\/natixis.p.prd.aws.gbpce.net\/?s={search_term_string}"},"query-input":{"@type":"PropertyValueSpecification","valueRequired":true,"valueName":"search_term_string"}}],"inLanguage":"fr-FR"},{"@type":"Organization","@id":"https:\/\/natixis.p.prd.aws.gbpce.net\/#organization","name":"Common website of Natixis CIB and Natixis IM business lines","url":"https:\/\/natixis.p.prd.aws.gbpce.net\/","logo":{"@type":"ImageObject","inLanguage":"fr-FR","@id":"https:\/\/natixis.p.prd.aws.gbpce.net\/#\/schema\/logo\/image\/","url":"https:\/\/natixis.p.prd.aws.gbpce.net\/wp-content\/uploads\/2022\/08\/logobpce_2022-01-13_17-12-21_714.png","contentUrl":"https:\/\/natixis.p.prd.aws.gbpce.net\/wp-content\/uploads\/2022\/08\/logobpce_2022-01-13_17-12-21_714.png","width":290,"height":80,"caption":"Common website of Natixis CIB and Natixis IM business lines"},"image":{"@id":"https:\/\/natixis.p.prd.aws.gbpce.net\/#\/schema\/logo\/image\/"}}]}},"_links":{"self":[{"href":"https:\/\/natixis.groupebpce.com\/fr\/wp-json\/wp\/v2\/pages\/146030","targetHints":{"allow":["GET"]}}],"collection":[{"href":"https:\/\/natixis.groupebpce.com\/fr\/wp-json\/wp\/v2\/pages"}],"about":[{"href":"https:\/\/natixis.groupebpce.com\/fr\/wp-json\/wp\/v2\/types\/page"}],"author":[{"embeddable":true,"href":"https:\/\/natixis.groupebpce.com\/fr\/wp-json\/wp\/v2\/users\/1"}],"replies":[{"embeddable":true,"href":"https:\/\/natixis.groupebpce.com\/fr\/wp-json\/wp\/v2\/comments?post=146030"}],"version-history":[{"count":2,"href":"https:\/\/natixis.groupebpce.com\/fr\/wp-json\/wp\/v2\/pages\/146030\/revisions"}],"predecessor-version":[{"id":147798,"href":"https:\/\/natixis.groupebpce.com\/fr\/wp-json\/wp\/v2\/pages\/146030\/revisions\/147798"}],"up":[{"embeddable":true,"href":"https:\/\/natixis.groupebpce.com\/fr\/wp-json\/wp\/v2\/pages\/145988"}],"wp:attachment":[{"href":"https:\/\/natixis.groupebpce.com\/fr\/wp-json\/wp\/v2\/media?parent=146030"}],"wp:term":[{"taxonomy":"post_tag","embeddable":true,"href":"https:\/\/natixis.groupebpce.com\/fr\/wp-json\/wp\/v2\/tags?post=146030"}],"curies":[{"name":"wp","href":"https:\/\/api.w.org\/{rel}","templated":true}]}}