{"id":146008,"date":"2022-08-31T16:02:10","date_gmt":"2022-08-31T16:02:10","guid":{"rendered":"https:\/\/natixis.p.hom.aws.gbpce.net\/the-natixis-shareholders-consultative-committee\/"},"modified":"2022-11-17T15:59:42","modified_gmt":"2022-11-17T15:59:42","slug":"the-natixis-shareholders-consultative-committee","status":"publish","type":"page","link":"https:\/\/natixis.groupebpce.com\/fr\/the-natixis-shareholders-consultative-committee\/","title":{"rendered":"Le comit\u00e9 consultatif des actionnaires de Natixis"},"content":{"rendered":"","protected":false},"excerpt":{"rendered":"","protected":false},"author":1,"featured_media":0,"parent":0,"menu_order":0,"comment_status":"closed","ping_status":"closed","template":"","meta":{"_acf_changed":false,"footnotes":""},"tags":[],"class_list":["post-146008","page","type-page","status-publish","hentry"],"acf":[],"yoast_head":"<!-- This site is optimized with the Yoast SEO plugin v26.9 - https:\/\/yoast.com\/product\/yoast-seo-wordpress\/ -->\n<title>Le comit\u00e9 consultatif des actionnaires de Natixis - Common website of Natixis CIB and Natixis IM business lines<\/title>\n<meta name=\"description\" content=\"Le comit\u00e9 consultatif des actionnaires de Natixis a \u00e9t\u00e9 cr\u00e9\u00e9 en avril 2008 et a fonctionn\u00e9 jusqu&#039;au 21 juillet 2021, date de retrait de la cote de Natixis. Sa vocation \u00e9tait de recueillir son avis sur la communication vis-\u00e0-vis des actionnaires individuels et d\u2019en am\u00e9liorer les diff\u00e9rents supports. Le comit\u00e9 consultatif des actionnaires de Natixis se pronon\u00e7ait sur les outils de communication financi\u00e8re \u00e0 destination des actionnaires individuels (Lettre aux actionnaires, site internet\u2026) et les rencontres majeures avec les actionnaires (assembl\u00e9e g\u00e9n\u00e9rale, salon Actionaria\u2026).\" \/>\n<meta name=\"robots\" content=\"index, follow, max-snippet:-1, max-image-preview:large, max-video-preview:-1\" \/>\n<meta property=\"og:locale\" content=\"fr_FR\" \/>\n<meta property=\"og:type\" content=\"article\" \/>\n<meta property=\"og:title\" content=\"Le comit\u00e9 consultatif des actionnaires de Natixis - Common website of Natixis CIB and Natixis IM business lines\" \/>\n<meta property=\"og:description\" content=\"Le comit\u00e9 consultatif des actionnaires de Natixis a \u00e9t\u00e9 cr\u00e9\u00e9 en avril 2008 et a fonctionn\u00e9 jusqu&#039;au 21 juillet 2021, date de retrait de la cote de Natixis. Sa vocation \u00e9tait de recueillir son avis sur la communication vis-\u00e0-vis des actionnaires individuels et d\u2019en am\u00e9liorer les diff\u00e9rents supports. Le comit\u00e9 consultatif des actionnaires de Natixis se pronon\u00e7ait sur les outils de communication financi\u00e8re \u00e0 destination des actionnaires individuels (Lettre aux actionnaires, site internet\u2026) et les rencontres majeures avec les actionnaires (assembl\u00e9e g\u00e9n\u00e9rale, salon Actionaria\u2026).\" \/>\n<meta property=\"og:url\" content=\"https:\/\/natixis.groupebpce.com\/fr\/the-natixis-shareholders-consultative-committee\/\" \/>\n<meta property=\"og:site_name\" content=\"Common website of Natixis CIB and Natixis IM business lines\" \/>\n<meta property=\"article:modified_time\" content=\"2022-11-17T15:59:42+00:00\" \/>\n<meta name=\"twitter:card\" content=\"summary_large_image\" \/>\n<script type=\"application\/ld+json\" class=\"yoast-schema-graph\">{\"@context\":\"https:\/\/schema.org\",\"@graph\":[{\"@type\":\"WebPage\",\"@id\":\"https:\/\/natixis.groupebpce.com\/fr\/the-natixis-shareholders-consultative-committee\/\",\"url\":\"https:\/\/natixis.groupebpce.com\/fr\/the-natixis-shareholders-consultative-committee\/\",\"name\":\"Le comit\u00e9 consultatif des actionnaires de Natixis - Common website of Natixis CIB and Natixis IM business lines\",\"isPartOf\":{\"@id\":\"https:\/\/natixis.p.prd.aws.gbpce.net\/#website\"},\"datePublished\":\"2022-08-31T16:02:10+00:00\",\"dateModified\":\"2022-11-17T15:59:42+00:00\",\"description\":\"Le comit\u00e9 consultatif des actionnaires de Natixis a \u00e9t\u00e9 cr\u00e9\u00e9 en avril 2008 et a fonctionn\u00e9 jusqu'au 21 juillet 2021, date de retrait de la cote de Natixis. Sa vocation \u00e9tait de recueillir son avis sur la communication vis-\u00e0-vis des actionnaires individuels et d\u2019en am\u00e9liorer les diff\u00e9rents supports. Le comit\u00e9 consultatif des actionnaires de Natixis se pronon\u00e7ait sur les outils de communication financi\u00e8re \u00e0 destination des actionnaires individuels (Lettre aux actionnaires, site internet\u2026) et les rencontres majeures avec les actionnaires (assembl\u00e9e g\u00e9n\u00e9rale, salon Actionaria\u2026).\",\"breadcrumb\":{\"@id\":\"https:\/\/natixis.groupebpce.com\/fr\/the-natixis-shareholders-consultative-committee\/#breadcrumb\"},\"inLanguage\":\"fr-FR\",\"potentialAction\":[{\"@type\":\"ReadAction\",\"target\":[\"https:\/\/natixis.groupebpce.com\/fr\/the-natixis-shareholders-consultative-committee\/\"]}]},{\"@type\":\"BreadcrumbList\",\"@id\":\"https:\/\/natixis.groupebpce.com\/fr\/the-natixis-shareholders-consultative-committee\/#breadcrumb\",\"itemListElement\":[{\"@type\":\"ListItem\",\"position\":1,\"name\":\"Home\",\"item\":\"https:\/\/natixis.p.prd.aws.gbpce.net\/fr\/\"},{\"@type\":\"ListItem\",\"position\":2,\"name\":\"Le comit\u00e9 consultatif des actionnaires de Natixis\"}]},{\"@type\":\"WebSite\",\"@id\":\"https:\/\/natixis.p.prd.aws.gbpce.net\/#website\",\"url\":\"https:\/\/natixis.p.prd.aws.gbpce.net\/\",\"name\":\"Common website of Natixis CIB and Natixis IM business lines\",\"description\":\"You are on the Natixis CIB and Natixis IM common website\",\"publisher\":{\"@id\":\"https:\/\/natixis.p.prd.aws.gbpce.net\/#organization\"},\"potentialAction\":[{\"@type\":\"SearchAction\",\"target\":{\"@type\":\"EntryPoint\",\"urlTemplate\":\"https:\/\/natixis.p.prd.aws.gbpce.net\/?s={search_term_string}\"},\"query-input\":{\"@type\":\"PropertyValueSpecification\",\"valueRequired\":true,\"valueName\":\"search_term_string\"}}],\"inLanguage\":\"fr-FR\"},{\"@type\":\"Organization\",\"@id\":\"https:\/\/natixis.p.prd.aws.gbpce.net\/#organization\",\"name\":\"Common website of Natixis CIB and Natixis IM business lines\",\"url\":\"https:\/\/natixis.p.prd.aws.gbpce.net\/\",\"logo\":{\"@type\":\"ImageObject\",\"inLanguage\":\"fr-FR\",\"@id\":\"https:\/\/natixis.p.prd.aws.gbpce.net\/#\/schema\/logo\/image\/\",\"url\":\"https:\/\/natixis.p.prd.aws.gbpce.net\/wp-content\/uploads\/2022\/08\/logobpce_2022-01-13_17-12-21_714.png\",\"contentUrl\":\"https:\/\/natixis.p.prd.aws.gbpce.net\/wp-content\/uploads\/2022\/08\/logobpce_2022-01-13_17-12-21_714.png\",\"width\":290,\"height\":80,\"caption\":\"Common website of Natixis CIB and Natixis IM business lines\"},\"image\":{\"@id\":\"https:\/\/natixis.p.prd.aws.gbpce.net\/#\/schema\/logo\/image\/\"}}]}<\/script>\n<!-- \/ Yoast SEO plugin. -->","yoast_head_json":{"title":"Le comit\u00e9 consultatif des actionnaires de Natixis - Common website of Natixis CIB and Natixis IM business lines","description":"Le comit\u00e9 consultatif des actionnaires de Natixis a \u00e9t\u00e9 cr\u00e9\u00e9 en avril 2008 et a fonctionn\u00e9 jusqu'au 21 juillet 2021, date de retrait de la cote de Natixis. Sa vocation \u00e9tait de recueillir son avis sur la communication vis-\u00e0-vis des actionnaires individuels et d\u2019en am\u00e9liorer les diff\u00e9rents supports. Le comit\u00e9 consultatif des actionnaires de Natixis se pronon\u00e7ait sur les outils de communication financi\u00e8re \u00e0 destination des actionnaires individuels (Lettre aux actionnaires, site internet\u2026) et les rencontres majeures avec les actionnaires (assembl\u00e9e g\u00e9n\u00e9rale, salon Actionaria\u2026).","robots":{"index":"index","follow":"follow","max-snippet":"max-snippet:-1","max-image-preview":"max-image-preview:large","max-video-preview":"max-video-preview:-1"},"og_locale":"fr_FR","og_type":"article","og_title":"Le comit\u00e9 consultatif des actionnaires de Natixis - Common website of Natixis CIB and Natixis IM business lines","og_description":"Le comit\u00e9 consultatif des actionnaires de Natixis a \u00e9t\u00e9 cr\u00e9\u00e9 en avril 2008 et a fonctionn\u00e9 jusqu'au 21 juillet 2021, date de retrait de la cote de Natixis. Sa vocation \u00e9tait de recueillir son avis sur la communication vis-\u00e0-vis des actionnaires individuels et d\u2019en am\u00e9liorer les diff\u00e9rents supports. Le comit\u00e9 consultatif des actionnaires de Natixis se pronon\u00e7ait sur les outils de communication financi\u00e8re \u00e0 destination des actionnaires individuels (Lettre aux actionnaires, site internet\u2026) et les rencontres majeures avec les actionnaires (assembl\u00e9e g\u00e9n\u00e9rale, salon Actionaria\u2026).","og_url":"https:\/\/natixis.groupebpce.com\/fr\/the-natixis-shareholders-consultative-committee\/","og_site_name":"Common website of Natixis CIB and Natixis IM business lines","article_modified_time":"2022-11-17T15:59:42+00:00","twitter_card":"summary_large_image","schema":{"@context":"https:\/\/schema.org","@graph":[{"@type":"WebPage","@id":"https:\/\/natixis.groupebpce.com\/fr\/the-natixis-shareholders-consultative-committee\/","url":"https:\/\/natixis.groupebpce.com\/fr\/the-natixis-shareholders-consultative-committee\/","name":"Le comit\u00e9 consultatif des actionnaires de Natixis - Common website of Natixis CIB and Natixis IM business lines","isPartOf":{"@id":"https:\/\/natixis.p.prd.aws.gbpce.net\/#website"},"datePublished":"2022-08-31T16:02:10+00:00","dateModified":"2022-11-17T15:59:42+00:00","description":"Le comit\u00e9 consultatif des actionnaires de Natixis a \u00e9t\u00e9 cr\u00e9\u00e9 en avril 2008 et a fonctionn\u00e9 jusqu'au 21 juillet 2021, date de retrait de la cote de Natixis. Sa vocation \u00e9tait de recueillir son avis sur la communication vis-\u00e0-vis des actionnaires individuels et d\u2019en am\u00e9liorer les diff\u00e9rents supports. Le comit\u00e9 consultatif des actionnaires de Natixis se pronon\u00e7ait sur les outils de communication financi\u00e8re \u00e0 destination des actionnaires individuels (Lettre aux actionnaires, site internet\u2026) et les rencontres majeures avec les actionnaires (assembl\u00e9e g\u00e9n\u00e9rale, salon Actionaria\u2026).","breadcrumb":{"@id":"https:\/\/natixis.groupebpce.com\/fr\/the-natixis-shareholders-consultative-committee\/#breadcrumb"},"inLanguage":"fr-FR","potentialAction":[{"@type":"ReadAction","target":["https:\/\/natixis.groupebpce.com\/fr\/the-natixis-shareholders-consultative-committee\/"]}]},{"@type":"BreadcrumbList","@id":"https:\/\/natixis.groupebpce.com\/fr\/the-natixis-shareholders-consultative-committee\/#breadcrumb","itemListElement":[{"@type":"ListItem","position":1,"name":"Home","item":"https:\/\/natixis.p.prd.aws.gbpce.net\/fr\/"},{"@type":"ListItem","position":2,"name":"Le comit\u00e9 consultatif des actionnaires de Natixis"}]},{"@type":"WebSite","@id":"https:\/\/natixis.p.prd.aws.gbpce.net\/#website","url":"https:\/\/natixis.p.prd.aws.gbpce.net\/","name":"Common website of Natixis CIB and Natixis IM business lines","description":"You are on the Natixis CIB and Natixis IM common website","publisher":{"@id":"https:\/\/natixis.p.prd.aws.gbpce.net\/#organization"},"potentialAction":[{"@type":"SearchAction","target":{"@type":"EntryPoint","urlTemplate":"https:\/\/natixis.p.prd.aws.gbpce.net\/?s={search_term_string}"},"query-input":{"@type":"PropertyValueSpecification","valueRequired":true,"valueName":"search_term_string"}}],"inLanguage":"fr-FR"},{"@type":"Organization","@id":"https:\/\/natixis.p.prd.aws.gbpce.net\/#organization","name":"Common website of Natixis CIB and Natixis IM business lines","url":"https:\/\/natixis.p.prd.aws.gbpce.net\/","logo":{"@type":"ImageObject","inLanguage":"fr-FR","@id":"https:\/\/natixis.p.prd.aws.gbpce.net\/#\/schema\/logo\/image\/","url":"https:\/\/natixis.p.prd.aws.gbpce.net\/wp-content\/uploads\/2022\/08\/logobpce_2022-01-13_17-12-21_714.png","contentUrl":"https:\/\/natixis.p.prd.aws.gbpce.net\/wp-content\/uploads\/2022\/08\/logobpce_2022-01-13_17-12-21_714.png","width":290,"height":80,"caption":"Common website of Natixis CIB and Natixis IM business lines"},"image":{"@id":"https:\/\/natixis.p.prd.aws.gbpce.net\/#\/schema\/logo\/image\/"}}]}},"_links":{"self":[{"href":"https:\/\/natixis.groupebpce.com\/fr\/wp-json\/wp\/v2\/pages\/146008","targetHints":{"allow":["GET"]}}],"collection":[{"href":"https:\/\/natixis.groupebpce.com\/fr\/wp-json\/wp\/v2\/pages"}],"about":[{"href":"https:\/\/natixis.groupebpce.com\/fr\/wp-json\/wp\/v2\/types\/page"}],"author":[{"embeddable":true,"href":"https:\/\/natixis.groupebpce.com\/fr\/wp-json\/wp\/v2\/users\/1"}],"replies":[{"embeddable":true,"href":"https:\/\/natixis.groupebpce.com\/fr\/wp-json\/wp\/v2\/comments?post=146008"}],"version-history":[{"count":1,"href":"https:\/\/natixis.groupebpce.com\/fr\/wp-json\/wp\/v2\/pages\/146008\/revisions"}],"predecessor-version":[{"id":146565,"href":"https:\/\/natixis.groupebpce.com\/fr\/wp-json\/wp\/v2\/pages\/146008\/revisions\/146565"}],"wp:attachment":[{"href":"https:\/\/natixis.groupebpce.com\/fr\/wp-json\/wp\/v2\/media?parent=146008"}],"wp:term":[{"taxonomy":"post_tag","embeddable":true,"href":"https:\/\/natixis.groupebpce.com\/fr\/wp-json\/wp\/v2\/tags?post=146008"}],"curies":[{"name":"wp","href":"https:\/\/api.w.org\/{rel}","templated":true}]}}